{"id":338,"date":"2023-05-22T05:34:46","date_gmt":"2023-05-22T05:34:46","guid":{"rendered":"https:\/\/cpctoluca.com\/index.php\/services\/"},"modified":"2025-12-01T21:54:05","modified_gmt":"2025-12-01T21:54:05","slug":"actividades","status":"publish","type":"page","link":"https:\/\/cpctoluca.com\/index.php\/actividades\/","title":{"rendered":"Services"},"content":{"rendered":"<!--themify_builder_content-->\n<div id=\"themify_builder_content-338\" data-postid=\"338\" class=\"themify_builder_content themify_builder_content-338 themify_builder tf_clear\">\n                    <div  data-css_id=\"c86a433\" data-lazy=\"1\" class=\"module_row themify_builder_row fullwidth tb_c86a433 tb_first tf_w\">\n                        <div class=\"row_inner col_align_top gutter-none tb_col_count_2 tf_box tf_rel\">\n                        <div  data-lazy=\"1\" class=\"module_column tb-column col3-2 tb_c89u434 first\">\n                    <!-- module text -->\n<div  class=\"module module-text tb_627h434   \" data-lazy=\"1\">\n        <div  class=\"tb_text_wrap\">\n        <h2>Our offers<\/h2>    <\/div>\n<\/div>\n<!-- \/module text -->        <\/div>\n                    <div  data-lazy=\"1\" class=\"module_column tb-column col3-1 tb_dlnw434 last\">\n                            <\/div>\n                        <\/div>\n        <\/div>\n                        <div  data-lazy=\"1\" class=\"module_row themify_builder_row tb_zmf0333 tf_w\">\n                        <div class=\"row_inner  tf_box tf_rel\">\n                            <\/div>\n        <\/div>\n                        <div  data-css_id=\"e26x113\" data-lazy=\"1\" class=\"module_row themify_builder_row fullwidth tb_e26x113 tf_w\">\n                        <div class=\"row_inner col_align_top gutter-none tb_col_count_2 tf_box tf_rel\">\n                        <div  data-lazy=\"1\" class=\"module_column tb-column col3-2 tb_8iwc113 first\">\n                    <!-- module text -->\n<div  class=\"module module-text tb_ayg0113   \" data-lazy=\"1\">\n        <div  class=\"tb_text_wrap\">\n        <h2>Actividades<\/h2>    <\/div>\n<\/div>\n<!-- \/module text -->        <\/div>\n                    <div  data-lazy=\"1\" class=\"module_column tb-column col3-1 tb_phdd113 last\">\n                            <\/div>\n                        <\/div>\n        <\/div>\n                        <div  data-lazy=\"1\" class=\"module_row themify_builder_row tb_b3fd118 tf_w\">\n                        <div class=\"row_inner col_align_top tb_col_count_1 tf_box tf_rel\">\n                        <div  data-lazy=\"1\" class=\"module_column tb-column col-full tb_2pyf118 first\">\n                            <div  data-lazy=\"1\" class=\"module_subrow themify_builder_sub_row tf_w col_align_top tb_col_count_1 tb_dq96118\">\n                <div  data-lazy=\"1\" class=\"module_column sub_column col-full tb_6cye118 first\">\n                    <!-- module text -->\n<div  class=\"module module-text tb_e04x118   \" data-lazy=\"1\">\n        <div  class=\"tb_text_wrap\">\n        <h2 style=\"text-align: center;\">\u00a0<\/h2>    <\/div>\n<\/div>\n<!-- \/module text --><!-- module text -->\n<div  class=\"module module-text tb_rlsw118   \" data-lazy=\"1\">\n        <div  class=\"tb_text_wrap\">\n        <p>El Comit\u00e9 de Participaci\u00f3n Ciudadana de Toluca (CPC Toluca) trabaja bajo un esquema de planeaci\u00f3n, seguimiento y evaluaci\u00f3n permanente. Su labor se organiza con base en el Programa Anual de Trabajo 2025\u20132026, instrumento que orienta las acciones institucionales del Comit\u00e9.<\/p>    <\/div>\n<\/div>\n<!-- \/module text --><!-- module text -->\n<div  class=\"module module-text tb_5qnr118   \" data-lazy=\"1\">\n        <div  class=\"tb_text_wrap\">\n        <h2 style=\"text-align: center;\">Ejes Estrat\u00e9gicos<\/h2>    <\/div>\n<\/div>\n<!-- \/module text -->        <\/div>\n                    <\/div>\n                <div  data-lazy=\"1\" class=\"module_subrow themify_builder_sub_row tf_w col_align_top tb_col_count_2 tb_2zbr118\">\n                <div  data-lazy=\"1\" class=\"module_column sub_column col4-2 tb_6m63118 first\">\n                    <!-- module icon -->\n<div  class=\"module module-icon tb_dc9h118  xlarge  icon_horizontal \" data-lazy=\"1\">\n\t\t\t<div class=\"module-icon-item\">\n\t\t\t\t\t\t\t\t\t\t\t\t\t\t\t\t<em class=\"tf_box\"\n\t\t\t\t\t\t\t\t\t\t\t\t style=\"color:#3f5bff\"\t\t\t\t\t><svg  class=\"tf_fa tf-ti-world\" aria-hidden=\"true\"><use href=\"#tf-ti-world\"><\/use><\/svg><\/em>\n\t\t\t\t\t\t\t\t\t\t\t\t\t\t<\/div>\n\t<\/div>\n<!-- \/module icon -->\n<!-- module text -->\n<div  class=\"module module-text tb_qh44118   \" data-lazy=\"1\">\n        <div  class=\"tb_text_wrap\">\n        <h5>Desempe\u00f1o Institucional<\/h5>\n<p>Consolida el funcionamiento interno del CPC mediante la planeaci\u00f3n, las sesiones ordinarias y la elaboraci\u00f3n de informes mensuales, trimestrales y anuales.<\/p>\n<ul>\n<li>Aprobaci\u00f3n del Programa Anual de Trabajo.<\/li>\n<li>Actualizaci\u00f3n de lineamientos internos y del C\u00f3digo de \u00c9tica.<\/li>\n<li>Publicaci\u00f3n peri\u00f3dica de informes de avance y tableros de transparencia.<\/li>\n<\/ul>    <\/div>\n<\/div>\n<!-- \/module text -->        <\/div>\n                    <div  data-lazy=\"1\" class=\"module_column sub_column col4-2 tb_258w118 last\">\n                    <!-- module icon -->\n<div  class=\"module module-icon tb_pjq5118  xlarge  icon_horizontal \" data-lazy=\"1\">\n\t\t\t<div class=\"module-icon-item\">\n\t\t\t\t\t\t\t\t\t\t\t\t\t\t\t\t<em class=\"tf_box\"\n\t\t\t\t\t\t\t\t\t\t\t\t style=\"color:#3f5bff\"\t\t\t\t\t><svg  class=\"tf_fa tf-ti-crown\" aria-hidden=\"true\"><use href=\"#tf-ti-crown\"><\/use><\/svg><\/em>\n\t\t\t\t\t\t\t\t\t\t\t\t\t\t<\/div>\n\t<\/div>\n<!-- \/module icon -->\n<!-- module text -->\n<div  class=\"module module-text tb_i26q118   \" data-lazy=\"1\">\n        <div  class=\"tb_text_wrap\">\n        <h5>Coordinaci\u00f3n Interinstitucional e Intergubernamental<\/h5>\n<p>Fortalece el trabajo conjunto con dependencias municipales, el Sistema Estatal Anticorrupci\u00f3n y los organismos ciudadanos.<\/p>\n<ul>\n<li>Participaci\u00f3n en sesiones del Comit\u00e9 Coordinador Municipal.<\/li>\n<li>Opini\u00f3n t\u00e9cnica sobre pol\u00edticas anticorrupci\u00f3n locales.<\/li>\n<li>Capacitaciones a servidores p\u00fablicos y ciudadan\u00eda.<\/li>\n<li>Colaboraci\u00f3n con universidades y organizaciones sociales.<\/li>\n<\/ul>    <\/div>\n<\/div>\n<!-- \/module text -->        <\/div>\n                    <\/div>\n                <div  data-lazy=\"1\" class=\"module_subrow themify_builder_sub_row tf_w col_align_top tb_col_count_2 tb_cqir118\">\n                <div  data-lazy=\"1\" class=\"module_column sub_column col4-2 tb_uzj1118 first\">\n                    <!-- module icon -->\n<div  class=\"module module-icon tb_nqja118  xlarge  icon_horizontal \" data-lazy=\"1\">\n\t\t\t<div class=\"module-icon-item\">\n\t\t\t\t\t\t\t\t\t\t\t\t\t\t\t\t<em class=\"tf_box\"\n\t\t\t\t\t\t\t\t\t\t\t\t style=\"color:#3f5bff\"\t\t\t\t\t><svg  class=\"tf_fa tf-ti-link\" aria-hidden=\"true\"><use href=\"#tf-ti-link\"><\/use><\/svg><\/em>\n\t\t\t\t\t\t\t\t\t\t\t\t\t\t<\/div>\n\t<\/div>\n<!-- \/module icon -->\n<!-- module text -->\n<div  class=\"module module-text tb_bgcp118   \" data-lazy=\"1\">\n        <div  class=\"tb_text_wrap\">\n        <h5>Vinculaci\u00f3n Social, Acad\u00e9mica y de Investigaci\u00f3n<\/h5>\n<p>Promueve la participaci\u00f3n ciudadana y la generaci\u00f3n de conocimiento en materia de integridad p\u00fablica.<br><ul><li>Formaci\u00f3n de la Red Ciudadana Anticorrupci\u00f3n de Toluca.<\/li><li>Difusi\u00f3n de c\u00e1psulas informativas, boletines y materiales educativos.<\/li><li>Convenios con instituciones acad\u00e9micas para investigaciones aplicadas.<\/li><\/ul><\/p>    <\/div>\n<\/div>\n<!-- \/module text -->        <\/div>\n                    <div  data-lazy=\"1\" class=\"module_column sub_column col4-2 tb_lgcd118 last\">\n                    <!-- module icon -->\n<div  class=\"module module-icon tb_7lrh118  xlarge  icon_horizontal \" data-lazy=\"1\">\n\t\t\t<div class=\"module-icon-item\">\n\t\t\t\t\t\t\t\t\t\t\t\t\t\t\t\t<em class=\"tf_box\"\n\t\t\t\t\t\t\t\t\t\t\t\t style=\"color:#3f5bff\"\t\t\t\t\t><svg  class=\"tf_fa tf-ti-light-bulb\" aria-hidden=\"true\"><use href=\"#tf-ti-light-bulb\"><\/use><\/svg><\/em>\n\t\t\t\t\t\t\t\t\t\t\t\t\t\t<\/div>\n\t<\/div>\n<!-- \/module icon -->\n<!-- module text -->\n<div  class=\"module module-text tb_w2g9118   \" data-lazy=\"1\">\n        <div  class=\"tb_text_wrap\">\n        <h5>Publicaciones y Transparencia<\/h5>\n<p>El CPC Toluca mantiene actualizado su sitio web con documentos de trabajo, informes y resultados.<\/p>\n<ul>\n<li>Informes Trimestrales y Anuales: muestran avances, resultados e indicadores.<\/li>\n<li>Galer\u00eda y Bit\u00e1cora de Actividades: incluye sesiones, capacitaciones, conferencias, pronunciamientos y eventos ciudadanos.<\/li>\n<li>Boletines y Entrevistas: difunden el trabajo del Comit\u00e9 en medios locales y redes sociales.<\/li>\n<\/ul>    <\/div>\n<\/div>\n<!-- \/module text -->        <\/div>\n                    <\/div>\n                <\/div>\n                        <\/div>\n        <\/div>\n                        <div  data-css_id=\"h59h541\" data-lazy=\"1\" class=\"module_row themify_builder_row fullwidth tb_h59h541 tf_w\">\n                        <div class=\"row_inner col_align_top tb_col_count_1 tf_box tf_rel\">\n                        <div  data-lazy=\"1\" class=\"module_column tb-column col-full tb_68hq541 first\">\n                    <!-- module buttons -->\n<div  class=\"module module-buttons tb_xgl573 buttons-horizontal solid  \" data-lazy=\"1\">\n        <div class=\"module-buttons-item tf_in_flx\">\n                        <a href=\"https:\/\/themify.me\/\" class=\"ui builder_button tf_in_flx tb_default_color\" >\n                                                Descarga aqu\u00ed el Programa Anual de Trabajo 2025\u20132026 (PDF)                                        <\/a>\n                <\/div>\n            <\/div>\n<!-- \/module buttons -->\n        <\/div>\n                        <\/div>\n        <\/div>\n                        <div  data-css_id=\"ahst929\" data-lazy=\"1\" class=\"module_row themify_builder_row fullwidth tb_ahst929 tf_w\">\n                        <div class=\"row_inner col_align_top tb_col_count_1 tf_box tf_rel\">\n                        <div  data-lazy=\"1\" class=\"module_column tb-column col-full tb_ivji929 first\">\n                            <div  data-lazy=\"1\" class=\"module_subrow themify_builder_sub_row tf_w col_align_top tb_col_count_2 tb_w8nu108\">\n        <span  class=\"builder_row_cover tf_abs\" data-lazy=\"1\"><\/span>        <div  data-lazy=\"1\" class=\"module_column sub_column col4-2 tb_9wpi109 first\">\n                    <!-- module text -->\n<div  class=\"module module-text tb_tguo226   \" data-lazy=\"1\">\n        <div  class=\"tb_text_wrap\">\n        <p>Rendici\u00f3n de cuentas<\/p>\n<p><span style=\"color: #ffa500;\"><em>en acci\u00f3n<\/em><\/span><\/p>    <\/div>\n<\/div>\n<!-- \/module text -->        <\/div>\n                    <div  data-lazy=\"1\" class=\"module_column sub_column col4-2 tb_rq99109 last\">\n                            <\/div>\n                    <\/div>\n                <\/div>\n                        <\/div>\n        <\/div>\n        <\/div>\n<!--\/themify_builder_content-->","protected":false},"excerpt":{"rendered":"<p>Our offers<\/p>\n","protected":false},"author":1,"featured_media":0,"parent":0,"menu_order":0,"comment_status":"closed","ping_status":"closed","template":"","meta":{"footnotes":""},"class_list":["post-338","page","type-page","status-publish","hentry","has-post-title","has-post-date","has-post-category","has-post-tag","has-post-comment","has-post-author",""],"builder_content":"<h2>Our offers<\/h2>\n<h2>Actividades<\/h2>\n<h2 style=\"text-align: center;\">\u00a0<\/h2>\n<p>El Comit\u00e9 de Participaci\u00f3n Ciudadana de Toluca (CPC Toluca) trabaja bajo un esquema de planeaci\u00f3n, seguimiento y evaluaci\u00f3n permanente. Su labor se organiza con base en el Programa Anual de Trabajo 2025\u20132026, instrumento que orienta las acciones institucionales del Comit\u00e9.<\/p>\n<h2 style=\"text-align: center;\">Ejes Estrat\u00e9gicos<\/h2>\n<em style=\"color:#3f5bff\" ><svg aria-hidden=\"true\"><use href=\"#tf-ti-world\"><\/use><\/svg><\/em>\n<h5>Desempe\u00f1o Institucional<\/h5> <p>Consolida el funcionamiento interno del CPC mediante la planeaci\u00f3n, las sesiones ordinarias y la elaboraci\u00f3n de informes mensuales, trimestrales y anuales.<\/p> <ul> <li>Aprobaci\u00f3n del Programa Anual de Trabajo.<\/li> <li>Actualizaci\u00f3n de lineamientos internos y del C\u00f3digo de \u00c9tica.<\/li> <li>Publicaci\u00f3n peri\u00f3dica de informes de avance y tableros de transparencia.<\/li> <\/ul>\n<em style=\"color:#3f5bff\" ><svg aria-hidden=\"true\"><use href=\"#tf-ti-crown\"><\/use><\/svg><\/em>\n<h5>Coordinaci\u00f3n Interinstitucional e Intergubernamental<\/h5> <p>Fortalece el trabajo conjunto con dependencias municipales, el Sistema Estatal Anticorrupci\u00f3n y los organismos ciudadanos.<\/p> <ul> <li>Participaci\u00f3n en sesiones del Comit\u00e9 Coordinador Municipal.<\/li> <li>Opini\u00f3n t\u00e9cnica sobre pol\u00edticas anticorrupci\u00f3n locales.<\/li> <li>Capacitaciones a servidores p\u00fablicos y ciudadan\u00eda.<\/li> <li>Colaboraci\u00f3n con universidades y organizaciones sociales.<\/li> <\/ul>\n<em style=\"color:#3f5bff\" ><svg aria-hidden=\"true\"><use href=\"#tf-ti-link\"><\/use><\/svg><\/em>\n<h5>Vinculaci\u00f3n Social, Acad\u00e9mica y de Investigaci\u00f3n<\/h5> <p>Promueve la participaci\u00f3n ciudadana y la generaci\u00f3n de conocimiento en materia de integridad p\u00fablica.<br><ul><li>Formaci\u00f3n de la Red Ciudadana Anticorrupci\u00f3n de Toluca.<\/li><li>Difusi\u00f3n de c\u00e1psulas informativas, boletines y materiales educativos.<\/li><li>Convenios con instituciones acad\u00e9micas para investigaciones aplicadas.<\/li><\/ul><\/p>\n<em style=\"color:#3f5bff\" ><svg aria-hidden=\"true\"><use href=\"#tf-ti-light-bulb\"><\/use><\/svg><\/em>\n<h5>Publicaciones y Transparencia<\/h5> <p>El CPC Toluca mantiene actualizado su sitio web con documentos de trabajo, informes y resultados.<\/p> <ul> <li>Informes Trimestrales y Anuales: muestran avances, resultados e indicadores.<\/li> <li>Galer\u00eda y Bit\u00e1cora de Actividades: incluye sesiones, capacitaciones, conferencias, pronunciamientos y eventos ciudadanos.<\/li> <li>Boletines y Entrevistas: difunden el trabajo del Comit\u00e9 en medios locales y redes sociales.<\/li> <\/ul>\n<a href=\"https:\/\/themify.me\/\" > Descarga aqu\u00ed el Programa Anual de Trabajo 2025\u20132026 (PDF) <\/a>\n<p>Rendici\u00f3n de cuentas<\/p> <p><em>en acci\u00f3n<\/em><\/p>\n<h3>We transcend the typical design agency \u2014 we are dream builders.<\/h3>\n<img src=\"https:\/\/cpctoluca.com\/wp-content\/uploads\/2025\/11\/forbes.png\" title=\"forbes\" alt=\"forbes\" srcset=\"https:\/\/cpctoluca.com\/wp-content\/uploads\/2025\/11\/forbes.png 269w, https:\/\/cpctoluca.com\/wp-content\/uploads\/2025\/11\/forbes-180x47.png 180w\" sizes=\"(max-width: 269px) 100vw, 269px\" \/>\n<img src=\"https:\/\/cpctoluca.com\/wp-content\/uploads\/2025\/11\/entrepreneur.png\" title=\"entrepreneur\" alt=\"entrepreneur\" srcset=\"https:\/\/cpctoluca.com\/wp-content\/uploads\/2025\/11\/entrepreneur.png 269w, https:\/\/cpctoluca.com\/wp-content\/uploads\/2025\/11\/entrepreneur-180x47.png 180w\" sizes=\"(max-width: 269px) 100vw, 269px\" \/>\n<img src=\"https:\/\/cpctoluca.com\/wp-content\/uploads\/2025\/11\/inc.png\" title=\"inc\" alt=\"inc\" srcset=\"https:\/\/cpctoluca.com\/wp-content\/uploads\/2025\/11\/inc.png 269w, https:\/\/cpctoluca.com\/wp-content\/uploads\/2025\/11\/inc-180x47.png 180w\" sizes=\"(max-width: 269px) 100vw, 269px\" \/>\n<img src=\"https:\/\/cpctoluca.com\/wp-content\/uploads\/2025\/11\/yahoo.png\" title=\"yahoo\" alt=\"yahoo\" srcset=\"https:\/\/cpctoluca.com\/wp-content\/uploads\/2025\/11\/yahoo.png 269w, https:\/\/cpctoluca.com\/wp-content\/uploads\/2025\/11\/yahoo-180x47.png 180w\" sizes=\"(max-width: 269px) 100vw, 269px\" \/>\n<img src=\"https:\/\/cpctoluca.com\/wp-content\/uploads\/2025\/11\/market.png\" title=\"market\" alt=\"market\" srcset=\"https:\/\/cpctoluca.com\/wp-content\/uploads\/2025\/11\/market.png 269w, https:\/\/cpctoluca.com\/wp-content\/uploads\/2025\/11\/market-180x47.png 180w\" sizes=\"(max-width: 269px) 100vw, 269px\" \/>\n<img src=\"https:\/\/cpctoluca.com\/wp-content\/uploads\/2025\/11\/inc.png\" title=\"inc\" alt=\"inc\" srcset=\"https:\/\/cpctoluca.com\/wp-content\/uploads\/2025\/11\/inc.png 269w, https:\/\/cpctoluca.com\/wp-content\/uploads\/2025\/11\/inc-180x47.png 180w\" sizes=\"(max-width: 269px) 100vw, 269px\" \/>\n<img src=\"https:\/\/cpctoluca.com\/wp-content\/uploads\/2025\/11\/yahoo.png\" title=\"yahoo\" alt=\"yahoo\" srcset=\"https:\/\/cpctoluca.com\/wp-content\/uploads\/2025\/11\/yahoo.png 269w, https:\/\/cpctoluca.com\/wp-content\/uploads\/2025\/11\/yahoo-180x47.png 180w\" sizes=\"(max-width: 269px) 100vw, 269px\" \/>\n<img src=\"https:\/\/cpctoluca.com\/wp-content\/uploads\/2025\/11\/forbes.png\" title=\"forbes\" alt=\"forbes\" srcset=\"https:\/\/cpctoluca.com\/wp-content\/uploads\/2025\/11\/forbes.png 269w, https:\/\/cpctoluca.com\/wp-content\/uploads\/2025\/11\/forbes-180x47.png 180w\" sizes=\"(max-width: 269px) 100vw, 269px\" \/>","_links":{"self":[{"href":"https:\/\/cpctoluca.com\/index.php\/wp-json\/wp\/v2\/pages\/338","targetHints":{"allow":["GET"]}}],"collection":[{"href":"https:\/\/cpctoluca.com\/index.php\/wp-json\/wp\/v2\/pages"}],"about":[{"href":"https:\/\/cpctoluca.com\/index.php\/wp-json\/wp\/v2\/types\/page"}],"author":[{"embeddable":true,"href":"https:\/\/cpctoluca.com\/index.php\/wp-json\/wp\/v2\/users\/1"}],"replies":[{"embeddable":true,"href":"https:\/\/cpctoluca.com\/index.php\/wp-json\/wp\/v2\/comments?post=338"}],"version-history":[{"count":25,"href":"https:\/\/cpctoluca.com\/index.php\/wp-json\/wp\/v2\/pages\/338\/revisions"}],"predecessor-version":[{"id":506,"href":"https:\/\/cpctoluca.com\/index.php\/wp-json\/wp\/v2\/pages\/338\/revisions\/506"}],"wp:attachment":[{"href":"https:\/\/cpctoluca.com\/index.php\/wp-json\/wp\/v2\/media?parent=338"}],"curies":[{"name":"wp","href":"https:\/\/api.w.org\/{rel}","templated":true}]}}